{"id":479,"date":"2012-02-01T12:31:06","date_gmt":"2012-02-01T17:31:06","guid":{"rendered":"http:\/\/wordpress\/?page_id=479"},"modified":"2019-06-03T20:43:40","modified_gmt":"2019-06-04T00:43:40","slug":"bienvenue","status":"publish","type":"page","link":"https:\/\/www.become-remarkable.com\/fr\/","title":{"rendered":"Accueil"},"content":{"rendered":"<p><!-- Global site tag (gtag.js) - Google Analytics --><br \/>\n<script async src=\"https:\/\/www.googletagmanager.com\/gtag\/js?id=UA-141343675-1\"><\/script><br \/>\n<script>\n  window.dataLayer = window.dataLayer || [];\n  function gtag(){dataLayer.push(arguments);}\n  gtag('js', new Date());<\/p>\n<p>  gtag('config', 'UA-141343675-1');\n<\/script><\/p>\n<h2 class=\"intro-text\">Chacun est remarquable \u00e0 sa fa\u00e7on, nous vous aidons \u00e0 trouver la v\u00f4tre!<\/h2>\n<div class=\"grid_8 alpha description\">\n<div class=\"item\">\n<h3> + Que faisons-nous ?<\/h3>\n<div class=\"text_bloc\">\n\u00catre remarquable c\u2019est approcher chaque d\u00e9fi de fa\u00e7on unique et innovatrice. Nous aidons nos clients \u00e0 atteindre leurs objectifs en d\u00e9veloppant des strat\u00e9gies marketing qui suscitent l\u2019int\u00e9r\u00eat et parlent aux consommateurs de fa\u00e7on significative et mesurable.<br \/>\nGr\u00e2ce \u00e0 la strat\u00e9gie, le design, la cr\u00e9ativit\u00e9 et la technologie, Remarkable Marketing fournit une gamme de services qui permet \u00e0 ses clients de rejoindre leurs march\u00e9s cibles. Nous nous chargeons du processus marketing au complet, partant de l\u2019\u00e9laboration de la strat\u00e9gie jusqu\u2019\u00e0 l\u2019ex\u00e9cution du projet, en nous assurant de l\u2019efficacit\u00e9, de la coh\u00e9rence, de l\u2019harmonie et de la qualit\u00e9 \u00e0 tous les niveaux.<br \/>\nDans un march\u00e9 en flux constant, l\u2019image de marque d\u2019une compagnie est d\u2019importance centrale. Pour avoir le plus d\u2019effet, une marque doit b\u00e2tir des ponts, \u00eatre remarqu\u00e9e et donner au consommateur le contr\u00f4le de son exp\u00e9rience. Dans le march\u00e9 actuel, nous croyons qu\u2019il est essentiel de combiner les m\u00e9dias traditionnels avec le pouvoir des nouvelles technologies.<br \/>\nNous travaillons avec nos clients afin d\u2019adresser leurs r\u00e9els besoins. Notre d\u00e9vouement \u00e0 obtenir des r\u00e9sultats tangibles et mesurables est au c\u0153ur de nos strat\u00e9gies digitales.<\/p>\n<\/div>\n<\/div>\n<\/div>\n<div class=\"grid_4 omega slider\">\n<div class=\"slider_img\">\n<img loading=\"lazy\" decoding=\"async\" src=\"http:\/\/www.become-remarkable.com\/wp-content\/uploads\/2012\/01\/r1.jpg\" alt=\"Engager le public cible\" width=\"297\" height=\"241\" \/><br \/>\n<img loading=\"lazy\" decoding=\"async\" src=\"http:\/\/www.become-remarkable.com\/wp-content\/uploads\/2012\/01\/r2.jpg\" alt=\"Se d\u00e9marquer de la concurrence\" width=\"297\" height=\"241\" \/><br \/>\n<img loading=\"lazy\" decoding=\"async\" src=\"http:\/\/www.become-remarkable.com\/wp-content\/uploads\/2012\/01\/r3.jpg\" alt=\"G\u00e9n\u00e9rer des \u00e9motions\" width=\"297\" height=\"241\" \/>\n<\/div>\n<\/div>\n<div class=\"grid_12 competence\">\n<div class=\"grid_4 alpha\">\n<h3><img loading=\"lazy\" decoding=\"async\" src=\"http:\/\/www.become-remarkable.com\/wp-content\/uploads\/2011\/09\/analyse.jpg\" alt=\"Strat\u00e9gie\" title=\"Strat\u00e9gie\" width=\"34\" height=\"33\" \/>Strat\u00e9gie<\/h3>\n<p><span><br \/>\n<h7>+<\/h7> Architecture de marque<br \/>\n<h7>+<\/h7> Lancement et commercialisation de produit<br \/>\n<h7>+<\/h7> Affaires num\u00e9riques<br \/>\n<h7>+<\/h7> Cr\u00e9ation de valeur<br \/>\nLa strat\u00e9gie est une \u00e9tape primordiale \u00e0 toute cr\u00e9ation. Nous d\u00e9veloppons nos strat\u00e9gies suite \u00e0 une analyse de la concurrence, le march\u00e9, le produit et le contexte afin de bien cerner les enjeux et mieux d\u00e9finir les besoins.<br \/>\n<\/span>\n<\/div>\n<div class=\"grid_4 \">\n<h3><img loading=\"lazy\" decoding=\"async\" src=\"http:\/\/www.become-remarkable.com\/wp-content\/uploads\/2011\/09\/strategie.jpg\" alt=\"Cr\u00e9ation\" title=\"Cr\u00e9ation\" width=\"31\" height=\"35\" \/>Cr\u00e9ation<\/h3>\n<p><span><br \/>\n<h7>+<\/h7> Identit\u00e9 visuelle<br \/>\n<h7>+<\/h7> Concept marketing et publicitaire<br \/>\n<h7>+<\/h7> Exp\u00e9rience et interface usager<br \/>\n<h7>+<\/h7> Contenu imprim\u00e9, interactif et audiovisuel<br \/>\nSelon Remarkable Marketing, il n\u2019y a jamais une cr\u00e9ation g\u00e9n\u00e9rique, puisque chaque enjeu marketing est unique. Par cons\u00e9quent, nos conseils sont m\u00e9ticuleux et r\u00e9pondent pr\u00e9cis\u00e9ment aux besoins en question. Ces conseils sont accompagn\u00e9s de solutions cr\u00e9atives adapt\u00e9es \u00e0 la situation.\n<\/div>\n<div class=\"grid_4 omega\">\n<h3><img loading=\"lazy\" decoding=\"async\" src=\"http:\/\/www.become-remarkable.com\/wp-content\/uploads\/2011\/09\/creation.jpg\" alt=\"D\u00e9veloppement\" title=\"D\u00e9veloppement\" width=\"35\" height=\"34\" \/>D\u00e9veloppement<\/h3>\n<p><span><br \/>\n<h7>+<\/h7> Activation de marque<br \/>\n<h7>+<\/h7> Campagne marketing<br \/>\n<h7>+<\/h7> Plateforme digitale<br \/>\n<h7>+<\/h7> Application sur mesure (site web, ecommerce, concours, etc.)<br \/>\nRemarkable Marketing est connue pour son d\u00e9veloppement, les clefs du succ\u00e8s en marketing et num\u00e9rique. Nous visons l&rsquo;excellence tout en restant r\u00e9aliste avec les objectifs vis\u00e9s.\n<\/div>\n<\/div>\n","protected":false},"excerpt":{"rendered":"<p>Chacun est remarquable \u00e0 sa fa\u00e7on, nous vous aidons \u00e0 trouver la v\u00f4tre! + Que faisons-nous ? \u00catre remarquable c\u2019est approcher chaque d\u00e9fi de fa\u00e7on unique et innovatrice. Nous aidons nos clients \u00e0 atteindre leurs objectifs en d\u00e9veloppant des strat\u00e9gies &hellip; <a href=\"https:\/\/www.become-remarkable.com\/fr\/\">Lire la suite <span class=\"meta-nav\">&rarr;<\/span><\/a><\/p>\n","protected":false},"author":2,"featured_media":0,"parent":0,"menu_order":0,"comment_status":"closed","ping_status":"closed","template":"","meta":{"footnotes":""},"class_list":["post-479","page","type-page","status-publish","hentry"],"_links":{"self":[{"href":"https:\/\/www.become-remarkable.com\/fr\/wp-json\/wp\/v2\/pages\/479\/"}],"collection":[{"href":"https:\/\/www.become-remarkable.com\/fr\/wp-json\/wp\/v2\/pages\/"}],"about":[{"href":"https:\/\/www.become-remarkable.com\/fr\/wp-json\/wp\/v2\/types\/page\/"}],"author":[{"embeddable":true,"href":"https:\/\/www.become-remarkable.com\/fr\/wp-json\/wp\/v2\/users\/2\/"}],"replies":[{"embeddable":true,"href":"https:\/\/www.become-remarkable.com\/fr\/wp-json\/wp\/v2\/comments\/?post=479"}],"version-history":[{"count":105,"href":"https:\/\/www.become-remarkable.com\/fr\/wp-json\/wp\/v2\/pages\/479\/revisions\/"}],"predecessor-version":[{"id":483,"href":"https:\/\/www.become-remarkable.com\/fr\/wp-json\/wp\/v2\/pages\/479\/revisions\/483\/"}],"wp:attachment":[{"href":"https:\/\/www.become-remarkable.com\/fr\/wp-json\/wp\/v2\/media\/?parent=479"}],"curies":[{"name":"wp","href":"https:\/\/api.w.org\/{rel}","templated":true}]}}